{"id":2669,"date":"2023-08-15T17:02:17","date_gmt":"2023-08-15T15:02:17","guid":{"rendered":"https:\/\/euride.net\/de\/?page_id=2669"},"modified":"2023-08-21T16:42:23","modified_gmt":"2023-08-21T14:42:23","slug":"fahrer-werden-form","status":"publish","type":"page","link":"https:\/\/euride.net\/de\/fahrer-werden-form\/","title":{"rendered":"Fahrer werden form"},"content":{"rendered":"\t\t<div data-elementor-type=\"wp-page\" data-elementor-id=\"2669\" class=\"elementor elementor-2669\" data-elementor-post-type=\"page\">\n\t\t\t\t<div class=\"elementor-element elementor-element-a89639d e-flex e-con-boxed e-con e-parent\" data-id=\"a89639d\" data-element_type=\"container\" data-e-type=\"container\" id=\"header-section\" data-settings=\"{&quot;background_background&quot;:&quot;classic&quot;}\">\n\t\t\t\t\t<div class=\"e-con-inner\">\n\t\t<div class=\"elementor-element elementor-element-3d47d56 e-con-full e-flex e-con e-parent\" data-id=\"3d47d56\" data-element_type=\"container\" data-e-type=\"container\">\n\t\t\t\t<div class=\"elementor-element elementor-element-16e3f10 elementor-widget__width-initial elementor-invisible elementor-widget elementor-widget-heading\" data-id=\"16e3f10\" data-element_type=\"widget\" data-e-type=\"widget\" data-settings=\"{&quot;_animation&quot;:&quot;fadeInUp&quot;}\" data-widget_type=\"heading.default\">\n\t\t\t\t<div class=\"elementor-widget-container\">\n\t\t\t\t\t<h1 class=\"elementor-heading-title elementor-size-default\">Deine Bewerbung<\/h1>\t\t\t\t<\/div>\n\t\t\t\t<\/div>\n\t\t\t\t<\/div>\n\t\t\t\t\t<\/div>\n\t\t\t\t<\/div>\n\t\t<div class=\"elementor-element elementor-element-527543e e-flex e-con-boxed e-con e-parent\" data-id=\"527543e\" data-element_type=\"container\" data-e-type=\"container\" id=\"section-cube-2\" data-settings=\"{&quot;background_background&quot;:&quot;classic&quot;,&quot;background_motion_fx_motion_fx_scrolling&quot;:&quot;yes&quot;,&quot;background_motion_fx_translateY_effect&quot;:&quot;yes&quot;,&quot;background_motion_fx_translateY_speed&quot;:{&quot;unit&quot;:&quot;px&quot;,&quot;size&quot;:2.7,&quot;sizes&quot;:[]},&quot;background_motion_fx_translateY_affectedRange&quot;:{&quot;unit&quot;:&quot;%&quot;,&quot;size&quot;:&quot;&quot;,&quot;sizes&quot;:{&quot;start&quot;:0,&quot;end&quot;:100}},&quot;background_motion_fx_devices&quot;:[&quot;desktop&quot;,&quot;tablet&quot;,&quot;mobile&quot;]}\">\n\t\t\t\t\t<div class=\"e-con-inner\">\n\t\t\t\t<div class=\"elementor-element elementor-element-372718e elementor-widget__width-inherit elementor-widget-tablet__width-inherit elementor-widget elementor-widget-heading\" data-id=\"372718e\" data-element_type=\"widget\" data-e-type=\"widget\" data-widget_type=\"heading.default\">\n\t\t\t\t<div class=\"elementor-widget-container\">\n\t\t\t\t\t<h4 class=\"elementor-heading-title elementor-size-default\">Bitte f\u00fclle alle Felder aus und sende deine Bewerbung.\n<br>Wir melden uns so bald wie m\u00f6glich bei dir.<\/h4>\t\t\t\t<\/div>\n\t\t\t\t<\/div>\n\t\t\t\t<div class=\"elementor-element elementor-element-4ab476d elementor-widget elementor-widget-shortcode\" data-id=\"4ab476d\" data-element_type=\"widget\" data-e-type=\"widget\" data-widget_type=\"shortcode.default\">\n\t\t\t\t<div class=\"elementor-widget-container\">\n\t\t\t\t\t\t\t<div class=\"elementor-shortcode\">\n<div class=\"wpcf7 no-js\" id=\"wpcf7-f2676-o1\" lang=\"en-US\" dir=\"ltr\" data-wpcf7-id=\"2676\">\n<div class=\"screen-reader-response\"><p role=\"status\" aria-live=\"polite\" aria-atomic=\"true\"><\/p> <ul><\/ul><\/div>\n<form action=\"\/de\/wp-json\/wp\/v2\/pages\/2669#wpcf7-f2676-o1\" method=\"post\" class=\"wpcf7-form init\" aria-label=\"Contact form\" enctype=\"multipart\/form-data\" novalidate=\"novalidate\" data-status=\"init\">\n<fieldset class=\"hidden-fields-container\"><input type=\"hidden\" name=\"_wpcf7\" value=\"2676\" \/><input type=\"hidden\" name=\"_wpcf7_version\" value=\"6.1.5\" \/><input type=\"hidden\" name=\"_wpcf7_locale\" value=\"en_US\" \/><input type=\"hidden\" name=\"_wpcf7_unit_tag\" value=\"wpcf7-f2676-o1\" \/><input type=\"hidden\" name=\"_wpcf7_container_post\" value=\"0\" \/><input type=\"hidden\" name=\"_wpcf7_posted_data_hash\" value=\"\" \/>\n<\/fieldset>\n<div class=\"fahrer-werden-form\">\n\t<div class=\"row\">\n\t\t<div class=\"col-md-6\">\n\t\t\t<p><label>Vorname<\/label><span class=\"wpcf7-form-control-wrap\" data-name=\"vorname\"><input size=\"40\" maxlength=\"400\" class=\"wpcf7-form-control wpcf7-text wpcf7-validates-as-required\" aria-required=\"true\" aria-invalid=\"false\" placeholder=\"Bitte ausf\u00fcllen\" value=\"\" type=\"text\" name=\"vorname\" \/><\/span>\n\t\t\t<\/p>\n\t\t<\/div>\n\t\t<div class=\"col-md-6\">\n\t\t\t<p><label>Nachname<\/label><span class=\"wpcf7-form-control-wrap\" data-name=\"nachname\"><input size=\"40\" maxlength=\"400\" class=\"wpcf7-form-control wpcf7-text wpcf7-validates-as-required\" aria-required=\"true\" aria-invalid=\"false\" placeholder=\"Bitte ausf\u00fcllen\" value=\"\" type=\"text\" name=\"nachname\" \/><\/span>\n\t\t\t<\/p>\n\t\t<\/div>\n\t\t<div class=\"col-md-6\">\n\t\t\t<p><label>E-Mail<\/label><span class=\"wpcf7-form-control-wrap\" data-name=\"email\"><input size=\"40\" maxlength=\"400\" class=\"wpcf7-form-control wpcf7-email wpcf7-validates-as-required wpcf7-text wpcf7-validates-as-email\" aria-required=\"true\" aria-invalid=\"false\" placeholder=\"Bitte ausf\u00fcllen\" value=\"\" type=\"email\" name=\"email\" \/><\/span>\n\t\t\t<\/p>\n\t\t<\/div>\n\t\t<div class=\"col-md-6\">\n\t\t\t<p><label>Telefon<\/label><span class=\"wpcf7-form-control-wrap\" data-name=\"telefon\"><input size=\"40\" maxlength=\"400\" class=\"wpcf7-form-control wpcf7-tel wpcf7-validates-as-required wpcf7-text wpcf7-validates-as-tel\" aria-required=\"true\" aria-invalid=\"false\" placeholder=\"Bitte ausf\u00fcllen\" value=\"\" type=\"tel\" name=\"telefon\" \/><\/span>\n\t\t\t<\/p>\n\t\t<\/div>\n\t<\/div>\n\t<div class=\"row\">\n\t\t<div class=\"col-md-6\">\n\t\t\t<p><label>Antritt der Stelle ab<\/label>\n\t\t\t<\/p>\n\t\t\t<div class=\"birth-date d-flex\">\n\t\t\t\t<div class=\"col-md-3 col-4\">\n\t\t\t\t\t<p><span class=\"wpcf7-form-control-wrap\" data-name=\"tagg\"><input class=\"wpcf7-form-control wpcf7-number wpcf7-validates-as-required wpcf7-validates-as-number\" min=\"1\" max=\"31\" aria-required=\"true\" aria-invalid=\"false\" placeholder=\"Tag\" value=\"\" type=\"number\" name=\"tagg\" \/><\/span>\n\t\t\t\t\t<\/p>\n\t\t\t\t<\/div>\n\t\t\t\t<div class=\"col-md-3 col-4\">\n\t\t\t\t\t<p><span class=\"wpcf7-form-control-wrap\" data-name=\"monat\"><input class=\"wpcf7-form-control wpcf7-number wpcf7-validates-as-required wpcf7-validates-as-number\" min=\"1\" max=\"12\" aria-required=\"true\" aria-invalid=\"false\" placeholder=\"Monat\" value=\"\" type=\"number\" name=\"monat\" \/><\/span>\n\t\t\t\t\t<\/p>\n\t\t\t\t<\/div>\n\t\t\t\t<div class=\"col-md-3 col-4\">\n\t\t\t\t\t<p><span class=\"wpcf7-form-control-wrap\" data-name=\"jahr\"><input class=\"wpcf7-form-control wpcf7-number wpcf7-validates-as-required wpcf7-validates-as-number\" aria-required=\"true\" aria-invalid=\"false\" placeholder=\"Jahr\" value=\"\" type=\"number\" name=\"jahr\" \/><\/span>\n\t\t\t\t\t<\/p>\n\t\t\t\t<\/div>\n\t\t\t<\/div>\n\t\t<\/div>\n\t\t<div class=\"col-md-3\">\n\t\t\t<p><label>F\u00fchrerscheinklassse<\/label><br \/>\n<span class=\"wpcf7-form-control-wrap\" data-name=\"fuhrerscheinklassse\"><select class=\"wpcf7-form-control wpcf7-select wpcf7-validates-as-required input-md\" aria-required=\"true\" aria-invalid=\"false\" name=\"fuhrerscheinklassse\"><option value=\"B\">B<\/option><option value=\"C1 - Code 95\">C1 - Code 95<\/option><option value=\"C - Code 95\">C - Code 95<\/option><option value=\"C1E - Code 95\">C1E - Code 95<\/option><option value=\"CE - Code 95\">CE - Code 95<\/option><\/select><\/span>\n\t\t\t<\/p>\n\t\t<\/div>\n\t\t<div class=\"col-md-3 col-5\">\n\t\t\t<p><label>Erfahrung<\/label><br \/>\n<span class=\"wpcf7-form-control-wrap\" data-name=\"erfahrung\"><select class=\"wpcf7-form-control wpcf7-select wpcf7-validates-as-required input-xs\" aria-required=\"true\" aria-invalid=\"false\" name=\"erfahrung\"><option value=\"Ja\">Ja<\/option><option value=\"Nein\">Nein<\/option><\/select><\/span>\n\t\t\t<\/p>\n\t\t<\/div>\n\t\t<div class=\"col-md-3 col-7\">\n\t\t\t<p><label>Alter<\/label><br \/>\n<span class=\"wpcf7-form-control-wrap\" data-name=\"alter\"><input class=\"wpcf7-form-control wpcf7-number wpcf7-validates-as-required wpcf7-validates-as-number input-sm\" min=\"18\" max=\"70\" aria-required=\"true\" aria-invalid=\"false\" placeholder=\"18 bis 70\" value=\"\" type=\"number\" name=\"alter\" \/><\/span>\n\t\t\t<\/p>\n\t\t<\/div>\n\t\t<div class=\"col-md-3\">\n\t\t\t<p><label>Standort<\/label><br \/>\n<span class=\"wpcf7-form-control-wrap\" data-name=\"standort\"><select class=\"wpcf7-form-control wpcf7-select wpcf7-validates-as-required\" aria-required=\"true\" aria-invalid=\"false\" name=\"standort\"><option value=\"Berlin\">Berlin<\/option><option value=\"Hamburg\">Hamburg<\/option><option value=\"Winsen (Luhe)\">Winsen (Luhe)<\/option><option value=\"Hannover\">Hannover<\/option><option value=\"Braunschweig\">Braunschweig<\/option><option value=\"Leipzig\">Leipzig<\/option><option value=\"Rostock\">Rostock<\/option><option value=\"Dresden\">Dresden<\/option><\/select><\/span>\n\t\t\t<\/p>\n\t\t<\/div>\n\t\t<div class=\"col-md-4\">\n\t\t\t<p><label>Fahrer werden<\/label><br \/>\n<span class=\"wpcf7-form-control-wrap\" data-name=\"fahrer-werden\"><select class=\"wpcf7-form-control wpcf7-select wpcf7-validates-as-required\" aria-required=\"true\" aria-invalid=\"false\" name=\"fahrer-werden\"><option value=\"LKW-Fahrer\">LKW-Fahrer<\/option><option value=\"Kurierfahrer\">Kurierfahrer<\/option><\/select><\/span>\n\t\t\t<\/p>\n\t\t<\/div>\n\t<\/div>\n\t<div class=\"row\">\n\t\t<div class=\"col-md-12\">\n\t\t\t<p><label>Anschreiben<\/label><br \/>\n<span class=\"wpcf7-form-control-wrap\" data-name=\"anschreiben\"><input size=\"40\" class=\"wpcf7-form-control wpcf7-file wpcf7-validates-as-required\" accept=\".pdf\" aria-required=\"true\" aria-invalid=\"false\" type=\"file\" name=\"anschreiben\" \/><\/span><br \/>\n<span class=\"post\">Die maximal erlaubte Gr\u00f6\u00dfe pro Datei betr\u00e4gt: 8MB<\/span>\n\t\t\t<\/p>\n\t\t<\/div>\n\t\t<div class=\"col-md-12\">\n\t\t\t<p><label>Lebenslauf<\/label><br \/>\n<span class=\"wpcf7-form-control-wrap\" data-name=\"lebenslauf\"><input size=\"40\" class=\"wpcf7-form-control wpcf7-file wpcf7-validates-as-required\" accept=\".pdf\" aria-required=\"true\" aria-invalid=\"false\" type=\"file\" name=\"lebenslauf\" \/><\/span><br \/>\n<span class=\"post\">Die maximal erlaubte Gr\u00f6\u00dfe pro Datei betr\u00e4gt: 8MB<\/span>\n\t\t\t<\/p>\n\t\t<\/div>\n\t\t<div class=\"col-md-12\">\n\t\t\t<p><label>Weitere Anlagen (Zeugnisse, Bescheinigungen, Nachweise etc.)<\/label><br \/>\n<span class=\"wpcf7-form-control-wrap\" data-name=\"weitere-anlagen\"><input size=\"40\" class=\"wpcf7-form-control wpcf7-file wpcf7-validates-as-required\" accept=\".pdf\" aria-required=\"true\" aria-invalid=\"false\" type=\"file\" name=\"weitere-anlagen\" \/><\/span><br \/>\n<span class=\"post\">Die maximal erlaubte Gr\u00f6\u00dfe pro Datei betr\u00e4gt: 8MB<\/span>\n\t\t\t<\/p>\n\t\t<\/div>\n\t\t<div class=\"col-md-12 acceptance-class\">\n\t\t\t<p><span class=\"wpcf7-form-control-wrap\" data-name=\"acceptance-829\"><span class=\"wpcf7-form-control wpcf7-acceptance\"><span class=\"wpcf7-list-item\"><input type=\"checkbox\" name=\"acceptance-829\" value=\"1\" aria-invalid=\"false\" \/><\/span><\/span><\/span><b>Ich habe die <span id=\"datenschutzerklarung\">Datenschutzbestimmungen<\/span> gelesen und zur Kenntnis genommen<\/b>\n\t\t\t<\/p>\n\t\t<\/div>\n\t\t<div class=\"col-md-12 submit-btn\">\n\t\t\t<p><input class=\"wpcf7-form-control wpcf7-submit has-spinner\" type=\"submit\" value=\"Bewerbung absenden\" \/>\n\t\t\t<\/p>\n\t\t<\/div>\n\t<\/div>\n<\/div>\n<style>\n\n.wpcf7 * { font-family:\"Hoefler Web\"!important;}\n.wpcf7 p { margin-bottom:0!important; }\n.wpcf7 .row { padding:79px 85px 50px; margin-bottom:31px; background:white; border:1px solid #D9D9D9; border-radius:5px; margin-right: 0!important; margin-left: 0!important;}\n.wpcf7 .row > div { margin-bottom:39px; padding: 0px 26px; }\n.wpcf7 label { color:#0D1120!important; font-size:17px!important; margin-bottom:5px!important; line-height:1.4em!important; }\n.wpcf7 input, .wpcf7 select { height:60px!important; border-radius: 4px!important; border: 1px solid #3C60C1!important; font-size: 16px!important; padding:17px 20px!important; outline:none!important; background-color:white;}\n.wpcf7 span.wpcf7-not-valid-tip { font-size: 16px; margin-top: 4px; }\n.wpcf7 input:not([type=\"checkbox\"]):focus, .wpcf7 select:focus { background-color:#F3F3F3!important; }\n.wpcf7 .birth-date > div { padding:0 7px!important; }\n.wpcf7 .birth-date > div:first-child { padding-left:0!important; }\n.wpcf7 .birth-date > div:last-child { padding-right:0!important; }\n.wpcf7 pre { margin: 0!important; height: 60px; font-size: 16px; padding: 20px 0; display: inherit; }\n.wpcf7 span.post { font-size: 16px; font-weight: 600; margin-top: 12px!important; display: block; }\n.wpcf7 .input-xs { width: 100px!important; }\n.wpcf7 .input-sm { width: 150px!important; }\n.wpcf7 input[type=\"file\"] { width: 100%; }\n.wpcf7 span.wpcf7-list-item { margin: 0; }\n.wpcf7 span.wpcf7-list-item-label { font-size: 17px!important; font-weight: 600; line-height: 33px; }\n.wpcf7 span.wpcf7-list-item-label a { color: #0D1120!important; }\n.wpcf7 input[type=\"checkbox\"] { width: 30px!important; height: 30px!important; padding: 0!important; border-radius: 4px!important; border: 1.054px solid #3C60C1!important; background: #F5F5F5; margin-right: 10px; -webkit-appearance: none; appearance: none; display: grid; place-content: center; }\n.wpcf7 input[type=\"checkbox\"]:checked { color: #3C60C0!important; background: #3C60C0; }\n.wpcf7 input[type=\"checkbox\"]:before { content: \"\"; width: 18px; height: 18px; transform: scale(0); transition: 120ms transform ease-in-out; box-shadow: inset 1em 1em white; transform-origin: bottom left; clip-path: polygon(14% 44%, 0 65%, 50% 100%, 100% 16%, 80% 0%, 43% 62%); }\n.wpcf7 input[type=\"checkbox\"]:checked:before { transform: scale(1); }\n.wpcf7 .submit-btn { text-align: right; }\n.wpcf7 .wpcf7-form-control.has-spinner.wpcf7-submit { max-width: 100%; color: #FFF; letter-spacing: 2.608px; text-transform: uppercase; border-radius: 40px!important; background: #3C60C1; padding: 17px 43px 15px!important; float: right; }\n.wpcf7 .wpcf7-form-control.has-spinner.wpcf7-submit:hover { background: #0E1122; border-color:#0E1122!important; }\n.wpcf7 span.wpcf7-spinner { margin-top: 18px; }\n\/*.wpcf7 input.wpcf7-file:after { height: 50px; width: 90%; content: 'PDF-Datei hochladen'; background-color: white; position: absolute; top: -19px; left: 20px; line-height: 50px; }*\/\n.wpcf7 input.wpcf7-file:focus:after { background-color:#F3F3F3!important; }\n.wpcf7 input[type=\"number\"] { -webkit-appearance: textfield; -moz-appearance: textfield; appearance: textfield; }\n.wpcf7 input[type=number]::-webkit-inner-spin-button,\n.wpcf7 input[type=number]::-webkit-outer-spin-button { -webkit-appearance: none; }\n.wpcf7 span#datenschutzerklarung { font-size: 17px; text-decoration: underline; cursor: pointer; margin:0!important;}\n.wpcf7 .acceptance-class { font-size:17px; }\n.wpcf7 form.sent .wpcf7-response-output { border-color: #19bc27; background: #6dd476b5; padding: 20px; border-radius: 4px;}\n\n@media only screen and (min-width:768px) and (max-width:1023px) {\n .wpcf7 .row { padding:50px 35px 30px; margin-bottom:31px; }\n .wpcf7 .row > div { margin-bottom:30px; padding: 0px 26px; }\n}\n\n@media only screen and (max-width:767px) {\n .wpcf7 .row { padding:40px 14px 30px; margin-bottom:24px; }\n .wpcf7 .row > div { margin-bottom:20px; padding: 0px 16px; }\n .wpcf7 label { font-size:14px!important; margin-bottom:7px!important; }\n .wpcf7 input, .wpcf7 select { height:50px!important; font-size: 13px!important; padding:14px 15px!important; }\n .wpcf7 span.wpcf7-not-valid-tip { font-size: 12px; margin-top: 3px; }\n .wpcf7 pre { height: 50px; font-size: 13px; padding: 15px 0; }\n .wpcf7 span.post { font-size: 13px; margin-top: 7px!important; }\n .wpcf7 .input-xs { width: 90px!important; }\n .wpcf7 .input-sm { width: 130px!important; }\n .wpcf7 input[type=\"file\"] { padding: 10px!important; }\n .wpcf7 span.wpcf7-list-item-label { font-size: 14px!important; line-height: 26px; }\n .wpcf7 input[type=\"checkbox\"] { min-width: 20px!important; width: 20px!important; height: 20px!important; margin-right: 8px; }\n .wpcf7 input[type=\"checkbox\"]:before { content: \"\"; width: 14px; height: 14px; box-shadow: inset 1em 1em white; }\n .wpcf7 .wpcf7-form-control.has-spinner.wpcf7-submit { letter-spacing: 1.3px; padding: 13px 20px 12px!important; font-size: 13px!important; }\n .wpcf7 span.wpcf7-spinner { margin-top: 14px; }\n .wpcf7 .birth-date > div:nth-child(2) { padding:0 3.5px!important; }\n .wpcf7 span#datenschutzerklarung, .wpcf7 .acceptance-class { font-size: 14px; }\n\n}\n<\/style><div class=\"wpcf7-response-output\" aria-hidden=\"true\"><\/div>\n<\/form>\n<\/div>\n<\/div>\n\t\t\t\t\t\t<\/div>\n\t\t\t\t<\/div>\n\t\t\t\t\t<\/div>\n\t\t\t\t<\/div>\n\t\t\t\t<\/div>\n\t\t","protected":false},"excerpt":{"rendered":"<p>Deine Bewerbung Bitte f\u00fclle alle Felder aus und sende deine Bewerbung. Wir melden uns so bald wie m\u00f6glich bei dir.<\/p>\n","protected":false},"author":2,"featured_media":0,"parent":0,"menu_order":0,"comment_status":"closed","ping_status":"closed","template":"","meta":{"_acf_changed":false,"inline_featured_image":false,"footnotes":""},"class_list":["post-2669","page","type-page","status-publish","hentry"],"acf":[],"_links":{"self":[{"href":"https:\/\/euride.net\/de\/wp-json\/wp\/v2\/pages\/2669","targetHints":{"allow":["GET"]}}],"collection":[{"href":"https:\/\/euride.net\/de\/wp-json\/wp\/v2\/pages"}],"about":[{"href":"https:\/\/euride.net\/de\/wp-json\/wp\/v2\/types\/page"}],"author":[{"embeddable":true,"href":"https:\/\/euride.net\/de\/wp-json\/wp\/v2\/users\/2"}],"replies":[{"embeddable":true,"href":"https:\/\/euride.net\/de\/wp-json\/wp\/v2\/comments?post=2669"}],"version-history":[{"count":19,"href":"https:\/\/euride.net\/de\/wp-json\/wp\/v2\/pages\/2669\/revisions"}],"predecessor-version":[{"id":2741,"href":"https:\/\/euride.net\/de\/wp-json\/wp\/v2\/pages\/2669\/revisions\/2741"}],"wp:attachment":[{"href":"https:\/\/euride.net\/de\/wp-json\/wp\/v2\/media?parent=2669"}],"curies":[{"name":"wp","href":"https:\/\/api.w.org\/{rel}","templated":true}]}}